{"id":5290,"date":"2021-09-09T06:25:56","date_gmt":"2021-09-09T06:25:56","guid":{"rendered":"https:\/\/ee.olearys.club\/ulemiste\/food-3\/"},"modified":"2025-01-14T10:42:18","modified_gmt":"2025-01-14T10:42:18","slug":"food-3","status":"publish","type":"page","link":"https:\/\/ee.olearys.club\/ulemiste\/food-3\/","title":{"rendered":"Men\u00fc\u00fc"},"content":{"rendered":"","protected":false},"excerpt":{"rendered":"","protected":false},"author":1,"featured_media":5573,"parent":0,"menu_order":0,"comment_status":"closed","ping_status":"closed","template":"tp-food.php","meta":{"_crosspost_to_1":true,"_crosspost_to_7":true,"_crosspost_to_9":false},"yoast_head":"<!-- This site is optimized with the Yoast SEO plugin v17.1 - https:\/\/yoast.com\/wordpress\/plugins\/seo\/ -->\n<meta name=\"robots\" content=\"index, follow, max-snippet:-1, max-image-preview:large, max-video-preview:-1\" \/>\n<link rel=\"canonical\" href=\"https:\/\/ee.olearys.club\/ulemiste\/food-3\/\" \/>\n<meta property=\"og:locale\" content=\"et_EE\" \/>\n<meta property=\"og:type\" content=\"article\" \/>\n<meta property=\"og:title\" content=\"Men\u00fc\u00fc - \u00dclemiste\" \/>\n<meta property=\"og:url\" content=\"https:\/\/ee.olearys.club\/ulemiste\/food-3\/\" \/>\n<meta property=\"og:site_name\" content=\"\u00dclemiste\" \/>\n<meta property=\"article:modified_time\" content=\"2025-01-14T10:42:18+00:00\" \/>\n<meta property=\"og:image\" content=\"https:\/\/ee.olearys.club\/ulemiste\/wp-content\/uploads\/sites\/8\/2021\/09\/bg-food-6-3-11-1-24.jpg\" \/>\n\t<meta property=\"og:image:width\" content=\"2198\" \/>\n\t<meta property=\"og:image:height\" content=\"1236\" \/>\n<meta name=\"twitter:card\" content=\"summary_large_image\" \/>\n<script type=\"application\/ld+json\" class=\"yoast-schema-graph\">{\"@context\":\"https:\/\/schema.org\",\"@graph\":[{\"@type\":\"WebSite\",\"@id\":\"https:\/\/ee.olearys.club\/ulemiste\/#website\",\"url\":\"https:\/\/ee.olearys.club\/ulemiste\/\",\"name\":\"\\u00dclemiste\",\"description\":\"Kristiine\",\"potentialAction\":[{\"@type\":\"SearchAction\",\"target\":{\"@type\":\"EntryPoint\",\"urlTemplate\":\"https:\/\/ee.olearys.club\/ulemiste\/?s={search_term_string}\"},\"query-input\":\"required name=search_term_string\"}],\"inLanguage\":\"et\"},{\"@type\":\"ImageObject\",\"@id\":\"https:\/\/ee.olearys.club\/ulemiste\/food-3\/#primaryimage\",\"inLanguage\":\"et\",\"url\":\"https:\/\/ee.olearys.club\/ulemiste\/wp-content\/uploads\/sites\/8\/2021\/09\/bg-food-6-3-11-1-24.jpg\",\"contentUrl\":\"https:\/\/ee.olearys.club\/ulemiste\/wp-content\/uploads\/sites\/8\/2021\/09\/bg-food-6-3-11-1-24.jpg\",\"width\":2198,\"height\":1236},{\"@type\":\"WebPage\",\"@id\":\"https:\/\/ee.olearys.club\/ulemiste\/food-3\/#webpage\",\"url\":\"https:\/\/ee.olearys.club\/ulemiste\/food-3\/\",\"name\":\"Men\\u00fc\\u00fc - \\u00dclemiste\",\"isPartOf\":{\"@id\":\"https:\/\/ee.olearys.club\/ulemiste\/#website\"},\"primaryImageOfPage\":{\"@id\":\"https:\/\/ee.olearys.club\/ulemiste\/food-3\/#primaryimage\"},\"datePublished\":\"2021-09-09T06:25:56+00:00\",\"dateModified\":\"2025-01-14T10:42:18+00:00\",\"breadcrumb\":{\"@id\":\"https:\/\/ee.olearys.club\/ulemiste\/food-3\/#breadcrumb\"},\"inLanguage\":\"et\",\"potentialAction\":[{\"@type\":\"ReadAction\",\"target\":[\"https:\/\/ee.olearys.club\/ulemiste\/food-3\/\"]}]},{\"@type\":\"BreadcrumbList\",\"@id\":\"https:\/\/ee.olearys.club\/ulemiste\/food-3\/#breadcrumb\",\"itemListElement\":[{\"@type\":\"ListItem\",\"position\":1,\"name\":\"Men\\u00fc\\u00fc\"}]}]}<\/script>\n<!-- \/ Yoast SEO plugin. -->","yoast_head_json":{"robots":{"index":"index","follow":"follow","max-snippet":"max-snippet:-1","max-image-preview":"max-image-preview:large","max-video-preview":"max-video-preview:-1"},"canonical":"https:\/\/ee.olearys.club\/ulemiste\/food-3\/","og_locale":"et_EE","og_type":"article","og_title":"Men\u00fc\u00fc - \u00dclemiste","og_url":"https:\/\/ee.olearys.club\/ulemiste\/food-3\/","og_site_name":"\u00dclemiste","article_modified_time":"2025-01-14T10:42:18+00:00","og_image":[{"width":2198,"height":1236,"url":"https:\/\/ee.olearys.club\/ulemiste\/wp-content\/uploads\/sites\/8\/2021\/09\/bg-food-6-3-11-1-24.jpg","path":"\/data01\/virt104949\/domeenid\/www.olearys.club\/ee\/wp-content\/uploads\/sites\/8\/2021\/09\/bg-food-6-3-11-1-24.jpg","size":"full","id":5573,"alt":"","pixels":2716728,"type":"image\/jpeg"}],"twitter_card":"summary_large_image","schema":{"@context":"https:\/\/schema.org","@graph":[{"@type":"WebSite","@id":"https:\/\/ee.olearys.club\/ulemiste\/#website","url":"https:\/\/ee.olearys.club\/ulemiste\/","name":"\u00dclemiste","description":"Kristiine","potentialAction":[{"@type":"SearchAction","target":{"@type":"EntryPoint","urlTemplate":"https:\/\/ee.olearys.club\/ulemiste\/?s={search_term_string}"},"query-input":"required name=search_term_string"}],"inLanguage":"et"},{"@type":"ImageObject","@id":"https:\/\/ee.olearys.club\/ulemiste\/food-3\/#primaryimage","inLanguage":"et","url":"https:\/\/ee.olearys.club\/ulemiste\/wp-content\/uploads\/sites\/8\/2021\/09\/bg-food-6-3-11-1-24.jpg","contentUrl":"https:\/\/ee.olearys.club\/ulemiste\/wp-content\/uploads\/sites\/8\/2021\/09\/bg-food-6-3-11-1-24.jpg","width":2198,"height":1236},{"@type":"WebPage","@id":"https:\/\/ee.olearys.club\/ulemiste\/food-3\/#webpage","url":"https:\/\/ee.olearys.club\/ulemiste\/food-3\/","name":"Men\u00fc\u00fc - \u00dclemiste","isPartOf":{"@id":"https:\/\/ee.olearys.club\/ulemiste\/#website"},"primaryImageOfPage":{"@id":"https:\/\/ee.olearys.club\/ulemiste\/food-3\/#primaryimage"},"datePublished":"2021-09-09T06:25:56+00:00","dateModified":"2025-01-14T10:42:18+00:00","breadcrumb":{"@id":"https:\/\/ee.olearys.club\/ulemiste\/food-3\/#breadcrumb"},"inLanguage":"et","potentialAction":[{"@type":"ReadAction","target":["https:\/\/ee.olearys.club\/ulemiste\/food-3\/"]}]},{"@type":"BreadcrumbList","@id":"https:\/\/ee.olearys.club\/ulemiste\/food-3\/#breadcrumb","itemListElement":[{"@type":"ListItem","position":1,"name":"Men\u00fc\u00fc"}]}]}},"_links":{"self":[{"href":"https:\/\/ee.olearys.club\/ulemiste\/wp-json\/wp\/v2\/pages\/5290"}],"collection":[{"href":"https:\/\/ee.olearys.club\/ulemiste\/wp-json\/wp\/v2\/pages"}],"about":[{"href":"https:\/\/ee.olearys.club\/ulemiste\/wp-json\/wp\/v2\/types\/page"}],"author":[{"embeddable":true,"href":"https:\/\/ee.olearys.club\/ulemiste\/wp-json\/wp\/v2\/users\/1"}],"replies":[{"embeddable":true,"href":"https:\/\/ee.olearys.club\/ulemiste\/wp-json\/wp\/v2\/comments?post=5290"}],"version-history":[{"count":20,"href":"https:\/\/ee.olearys.club\/ulemiste\/wp-json\/wp\/v2\/pages\/5290\/revisions"}],"predecessor-version":[{"id":5577,"href":"https:\/\/ee.olearys.club\/ulemiste\/wp-json\/wp\/v2\/pages\/5290\/revisions\/5577"}],"wp:featuredmedia":[{"embeddable":true,"href":"https:\/\/ee.olearys.club\/ulemiste\/wp-json\/wp\/v2\/media\/5573"}],"wp:attachment":[{"href":"https:\/\/ee.olearys.club\/ulemiste\/wp-json\/wp\/v2\/media?parent=5290"}],"curies":[{"name":"wp","href":"https:\/\/api.w.org\/{rel}","templated":true}]}}