{"id":2737,"date":"2022-07-26T10:28:00","date_gmt":"2022-07-26T10:28:00","guid":{"rendered":"https:\/\/ee.olearys.club\/ulemiste\/olearyse-kinkekaart\/"},"modified":"2022-07-26T10:32:51","modified_gmt":"2022-07-26T10:32:51","slug":"olearyse-kinkekaart","status":"publish","type":"page","link":"https:\/\/ee.olearys.club\/ulemiste\/olearyse-kinkekaart\/","title":{"rendered":"O&#8217;Learyse kinkekaart"},"content":{"rendered":"<p style=\"text-align: center;\"><em>O&#8217;Learysest on v\u00f5imalik osta ka kinkekaarte. Kinkekaart on hea kingitus s\u00f5brale v\u00f5i l\u00e4hedastele!<\/em><\/p>\n<p style=\"text-align: center;\"><em>Kinkekaarti saab kasutada mistahes O&#8217;Learyse teenuse ja\/v\u00f5i toitude ning jookide puhul.<\/em><\/p>\n<p style=\"text-align: center;\">O&#8217;Learyse kinkekaart kehtib ainult Kristiine, \u00dclemiste ja Eedeni O&#8217;Learyses.<br \/>\nKinkekaardil m\u00e4rgitud summat ei saa kasutada mitmes osas ega vahetada v\u00e4iksemate summade vastu.<br \/>\nKaotatud v\u00f5i varastatud kinkekaarti ei saa asendada.<br \/>\nKinkekaarti ei saa vahetada sularaha vastu.<\/p>\n","protected":false},"excerpt":{"rendered":"<p>O&#8217;Learysest on v\u00f5imalik osta ka kinkekaarte. Kinkekaart on hea kingitus s\u00f5brale v\u00f5i l\u00e4hedastele! Kinkekaarti saab kasutada mistahes O&#8217;Learyse teenuse ja\/v\u00f5i toitude ning jookide puhul. O&#8217;Learyse kinkekaart kehtib ainult Kristiine, \u00dclemiste ja Eedeni O&#8217;Learyses. Kinkekaardil m\u00e4rgitud summat ei saa kasutada mitmes osas ega vahetada v\u00e4iksemate summade vastu. Kaotatud v\u00f5i varastatud kinkekaarti ei saa asendada. Kinkekaarti ei&#8230;<\/p>\n","protected":false},"author":1,"featured_media":2746,"parent":0,"menu_order":0,"comment_status":"closed","ping_status":"closed","template":"","meta":{"_crosspost_to_1":true,"_crosspost_to_7":false,"_crosspost_to_9":false},"yoast_head":"<!-- This site is optimized with the Yoast SEO plugin v17.1 - https:\/\/yoast.com\/wordpress\/plugins\/seo\/ -->\n<meta name=\"robots\" content=\"index, follow, max-snippet:-1, max-image-preview:large, max-video-preview:-1\" \/>\n<link rel=\"canonical\" href=\"https:\/\/ee.olearys.club\/ulemiste\/olearyse-kinkekaart\/\" \/>\n<meta property=\"og:locale\" content=\"et_EE\" \/>\n<meta property=\"og:type\" content=\"article\" \/>\n<meta property=\"og:title\" content=\"O&#039;Learyse kinkekaart - \u00dclemiste\" \/>\n<meta property=\"og:description\" content=\"O&#8217;Learysest on v\u00f5imalik osta ka kinkekaarte. Kinkekaart on hea kingitus s\u00f5brale v\u00f5i l\u00e4hedastele! Kinkekaarti saab kasutada mistahes O&#8217;Learyse teenuse ja\/v\u00f5i toitude ning jookide puhul. O&#8217;Learyse kinkekaart kehtib ainult Kristiine, \u00dclemiste ja Eedeni O&#8217;Learyses. Kinkekaardil m\u00e4rgitud summat ei saa kasutada mitmes osas ega vahetada v\u00e4iksemate summade vastu. Kaotatud v\u00f5i varastatud kinkekaarti ei saa asendada. Kinkekaarti ei...\" \/>\n<meta property=\"og:url\" content=\"https:\/\/ee.olearys.club\/ulemiste\/olearyse-kinkekaart\/\" \/>\n<meta property=\"og:site_name\" content=\"\u00dclemiste\" \/>\n<meta property=\"article:modified_time\" content=\"2022-07-26T10:32:51+00:00\" \/>\n<meta property=\"og:image\" content=\"https:\/\/ee.olearys.club\/ulemiste\/wp-content\/uploads\/sites\/8\/2022\/07\/Nimetu-kujundus-9-2.jpg\" \/>\n\t<meta property=\"og:image:width\" content=\"1574\" \/>\n\t<meta property=\"og:image:height\" content=\"748\" \/>\n<meta name=\"twitter:card\" content=\"summary_large_image\" \/>\n<script type=\"application\/ld+json\" class=\"yoast-schema-graph\">{\"@context\":\"https:\/\/schema.org\",\"@graph\":[{\"@type\":\"WebSite\",\"@id\":\"https:\/\/ee.olearys.club\/ulemiste\/#website\",\"url\":\"https:\/\/ee.olearys.club\/ulemiste\/\",\"name\":\"\\u00dclemiste\",\"description\":\"Kristiine\",\"potentialAction\":[{\"@type\":\"SearchAction\",\"target\":{\"@type\":\"EntryPoint\",\"urlTemplate\":\"https:\/\/ee.olearys.club\/ulemiste\/?s={search_term_string}\"},\"query-input\":\"required name=search_term_string\"}],\"inLanguage\":\"et\"},{\"@type\":\"ImageObject\",\"@id\":\"https:\/\/ee.olearys.club\/ulemiste\/olearyse-kinkekaart\/#primaryimage\",\"inLanguage\":\"et\",\"url\":\"https:\/\/ee.olearys.club\/ulemiste\/wp-content\/uploads\/sites\/8\/2022\/07\/Nimetu-kujundus-9-2.jpg\",\"contentUrl\":\"https:\/\/ee.olearys.club\/ulemiste\/wp-content\/uploads\/sites\/8\/2022\/07\/Nimetu-kujundus-9-2.jpg\",\"width\":1574,\"height\":748},{\"@type\":\"WebPage\",\"@id\":\"https:\/\/ee.olearys.club\/ulemiste\/olearyse-kinkekaart\/#webpage\",\"url\":\"https:\/\/ee.olearys.club\/ulemiste\/olearyse-kinkekaart\/\",\"name\":\"O'Learyse kinkekaart - \\u00dclemiste\",\"isPartOf\":{\"@id\":\"https:\/\/ee.olearys.club\/ulemiste\/#website\"},\"primaryImageOfPage\":{\"@id\":\"https:\/\/ee.olearys.club\/ulemiste\/olearyse-kinkekaart\/#primaryimage\"},\"datePublished\":\"2022-07-26T10:28:00+00:00\",\"dateModified\":\"2022-07-26T10:32:51+00:00\",\"breadcrumb\":{\"@id\":\"https:\/\/ee.olearys.club\/ulemiste\/olearyse-kinkekaart\/#breadcrumb\"},\"inLanguage\":\"et\",\"potentialAction\":[{\"@type\":\"ReadAction\",\"target\":[\"https:\/\/ee.olearys.club\/ulemiste\/olearyse-kinkekaart\/\"]}]},{\"@type\":\"BreadcrumbList\",\"@id\":\"https:\/\/ee.olearys.club\/ulemiste\/olearyse-kinkekaart\/#breadcrumb\",\"itemListElement\":[{\"@type\":\"ListItem\",\"position\":1,\"name\":\"O&#8217;Learyse kinkekaart\"}]}]}<\/script>\n<!-- \/ Yoast SEO plugin. -->","yoast_head_json":{"robots":{"index":"index","follow":"follow","max-snippet":"max-snippet:-1","max-image-preview":"max-image-preview:large","max-video-preview":"max-video-preview:-1"},"canonical":"https:\/\/ee.olearys.club\/ulemiste\/olearyse-kinkekaart\/","og_locale":"et_EE","og_type":"article","og_title":"O'Learyse kinkekaart - \u00dclemiste","og_description":"O&#8217;Learysest on v\u00f5imalik osta ka kinkekaarte. Kinkekaart on hea kingitus s\u00f5brale v\u00f5i l\u00e4hedastele! Kinkekaarti saab kasutada mistahes O&#8217;Learyse teenuse ja\/v\u00f5i toitude ning jookide puhul. O&#8217;Learyse kinkekaart kehtib ainult Kristiine, \u00dclemiste ja Eedeni O&#8217;Learyses. Kinkekaardil m\u00e4rgitud summat ei saa kasutada mitmes osas ega vahetada v\u00e4iksemate summade vastu. Kaotatud v\u00f5i varastatud kinkekaarti ei saa asendada. Kinkekaarti ei...","og_url":"https:\/\/ee.olearys.club\/ulemiste\/olearyse-kinkekaart\/","og_site_name":"\u00dclemiste","article_modified_time":"2022-07-26T10:32:51+00:00","og_image":[{"width":1574,"height":748,"url":"https:\/\/ee.olearys.club\/ulemiste\/wp-content\/uploads\/sites\/8\/2022\/07\/Nimetu-kujundus-9-2.jpg","path":"\/data01\/virt104949\/domeenid\/www.olearys.club\/ee\/wp-content\/uploads\/sites\/8\/2022\/07\/Nimetu-kujundus-9-2.jpg","size":"full","id":2746,"alt":"","pixels":1177352,"type":"image\/jpeg"}],"twitter_card":"summary_large_image","schema":{"@context":"https:\/\/schema.org","@graph":[{"@type":"WebSite","@id":"https:\/\/ee.olearys.club\/ulemiste\/#website","url":"https:\/\/ee.olearys.club\/ulemiste\/","name":"\u00dclemiste","description":"Kristiine","potentialAction":[{"@type":"SearchAction","target":{"@type":"EntryPoint","urlTemplate":"https:\/\/ee.olearys.club\/ulemiste\/?s={search_term_string}"},"query-input":"required name=search_term_string"}],"inLanguage":"et"},{"@type":"ImageObject","@id":"https:\/\/ee.olearys.club\/ulemiste\/olearyse-kinkekaart\/#primaryimage","inLanguage":"et","url":"https:\/\/ee.olearys.club\/ulemiste\/wp-content\/uploads\/sites\/8\/2022\/07\/Nimetu-kujundus-9-2.jpg","contentUrl":"https:\/\/ee.olearys.club\/ulemiste\/wp-content\/uploads\/sites\/8\/2022\/07\/Nimetu-kujundus-9-2.jpg","width":1574,"height":748},{"@type":"WebPage","@id":"https:\/\/ee.olearys.club\/ulemiste\/olearyse-kinkekaart\/#webpage","url":"https:\/\/ee.olearys.club\/ulemiste\/olearyse-kinkekaart\/","name":"O'Learyse kinkekaart - \u00dclemiste","isPartOf":{"@id":"https:\/\/ee.olearys.club\/ulemiste\/#website"},"primaryImageOfPage":{"@id":"https:\/\/ee.olearys.club\/ulemiste\/olearyse-kinkekaart\/#primaryimage"},"datePublished":"2022-07-26T10:28:00+00:00","dateModified":"2022-07-26T10:32:51+00:00","breadcrumb":{"@id":"https:\/\/ee.olearys.club\/ulemiste\/olearyse-kinkekaart\/#breadcrumb"},"inLanguage":"et","potentialAction":[{"@type":"ReadAction","target":["https:\/\/ee.olearys.club\/ulemiste\/olearyse-kinkekaart\/"]}]},{"@type":"BreadcrumbList","@id":"https:\/\/ee.olearys.club\/ulemiste\/olearyse-kinkekaart\/#breadcrumb","itemListElement":[{"@type":"ListItem","position":1,"name":"O&#8217;Learyse kinkekaart"}]}]}},"_links":{"self":[{"href":"https:\/\/ee.olearys.club\/ulemiste\/wp-json\/wp\/v2\/pages\/2737"}],"collection":[{"href":"https:\/\/ee.olearys.club\/ulemiste\/wp-json\/wp\/v2\/pages"}],"about":[{"href":"https:\/\/ee.olearys.club\/ulemiste\/wp-json\/wp\/v2\/types\/page"}],"author":[{"embeddable":true,"href":"https:\/\/ee.olearys.club\/ulemiste\/wp-json\/wp\/v2\/users\/1"}],"replies":[{"embeddable":true,"href":"https:\/\/ee.olearys.club\/ulemiste\/wp-json\/wp\/v2\/comments?post=2737"}],"version-history":[{"count":3,"href":"https:\/\/ee.olearys.club\/ulemiste\/wp-json\/wp\/v2\/pages\/2737\/revisions"}],"predecessor-version":[{"id":2755,"href":"https:\/\/ee.olearys.club\/ulemiste\/wp-json\/wp\/v2\/pages\/2737\/revisions\/2755"}],"wp:featuredmedia":[{"embeddable":true,"href":"https:\/\/ee.olearys.club\/ulemiste\/wp-json\/wp\/v2\/media\/2746"}],"wp:attachment":[{"href":"https:\/\/ee.olearys.club\/ulemiste\/wp-json\/wp\/v2\/media?parent=2737"}],"curies":[{"name":"wp","href":"https:\/\/api.w.org\/{rel}","templated":true}]}}